{"id":9,"date":"2018-05-13T17:33:48","date_gmt":"2018-05-13T15:33:48","guid":{"rendered":"http:\/\/reiseblog.das-spielen.de\/wordpress\/?page_id=9"},"modified":"2018-05-15T23:18:44","modified_gmt":"2018-05-15T21:18:44","slug":"kontakt","status":"publish","type":"page","link":"https:\/\/reiseblog.das-spielen.de\/wordpress\/kontakt\/","title":{"rendered":"Kontakt und Impressum"},"content":{"rendered":"<p>Dies ist ein privater Blog, betrieben von Kathrin und Karl-Peter Nos. Es gelten die Kontaktdaten und Datenschutzinformationen der Hauptdom\u00e4ne <a href=\"https:\/\/das-spielen.de\/index.php\/impressumkontakt\/\">http:\/\/das-spielen.de\/<\/a><\/p>\n<p>Diese Seite erfasst keine Statistiken mit externen Tools (also kein Google Analytics, kein Jetpack, etc.). Die Konfiguration dieser Seite weist sie zwar als \u00f6ffentliche Seite aus, verhindert jedoch die Indizierung durch Suchmaschinen.<\/p>\n<p>Das Copyright aller Texte und Bilder liegt &#8211; soweit nicht explizit anders angegeben &#8211; bei uns. Eine Verwendung unserer Texte oder von Textausz\u00fcgen, von Bildern oder Bildausschnitten ohne unsere explizite Erlaubnis ist nicht gestattet. Auf verlinkte Webseiten haben wir keinen Einfluss und\u00a0machen uns deren Inhalt nicht zu eigen.<\/p>\n<p>Die Einstellungen f\u00fcr Kommentare erfordern die Angabe eines Namen und einer Mailadresse. Kommentare k\u00f6nnen nur zu Beitr\u00e4gen verfasst werden, die nicht \u00e4lter als 14 Tage sind.<\/p>\n","protected":false},"excerpt":{"rendered":"<p>Dies ist ein privater Blog, betrieben von Kathrin und Karl-Peter Nos. Es gelten die Kontaktdaten und Datenschutzinformationen der Hauptdom\u00e4ne http:\/\/das-spielen.de\/ Diese Seite erfasst keine Statistiken mit externen Tools (also kein Google Analytics, kein Jetpack, etc.). Die Konfiguration dieser Seite weist sie zwar als \u00f6ffentliche Seite aus, verhindert jedoch die Indizierung durch Suchmaschinen. Das Copyright aller &hellip; <\/p>\n<p class=\"link-more\"><a href=\"https:\/\/reiseblog.das-spielen.de\/wordpress\/kontakt\/\" class=\"more-link\"><span class=\"screen-reader-text\">\u201eKontakt und Impressum\u201c <\/span>weiterlesen<\/a><\/p>\n","protected":false},"author":1,"featured_media":0,"parent":0,"menu_order":0,"comment_status":"closed","ping_status":"closed","template":"","meta":{"footnotes":""},"class_list":["post-9","page","type-page","status-publish","hentry"],"_links":{"self":[{"href":"https:\/\/reiseblog.das-spielen.de\/wordpress\/wp-json\/wp\/v2\/pages\/9","targetHints":{"allow":["GET"]}}],"collection":[{"href":"https:\/\/reiseblog.das-spielen.de\/wordpress\/wp-json\/wp\/v2\/pages"}],"about":[{"href":"https:\/\/reiseblog.das-spielen.de\/wordpress\/wp-json\/wp\/v2\/types\/page"}],"author":[{"embeddable":true,"href":"https:\/\/reiseblog.das-spielen.de\/wordpress\/wp-json\/wp\/v2\/users\/1"}],"replies":[{"embeddable":true,"href":"https:\/\/reiseblog.das-spielen.de\/wordpress\/wp-json\/wp\/v2\/comments?post=9"}],"version-history":[{"count":4,"href":"https:\/\/reiseblog.das-spielen.de\/wordpress\/wp-json\/wp\/v2\/pages\/9\/revisions"}],"predecessor-version":[{"id":53,"href":"https:\/\/reiseblog.das-spielen.de\/wordpress\/wp-json\/wp\/v2\/pages\/9\/revisions\/53"}],"wp:attachment":[{"href":"https:\/\/reiseblog.das-spielen.de\/wordpress\/wp-json\/wp\/v2\/media?parent=9"}],"curies":[{"name":"wp","href":"https:\/\/api.w.org\/{rel}","templated":true}]}}